{"id":2,"date":"2023-01-06T06:45:36","date_gmt":"2023-01-06T06:45:36","guid":{"rendered":"https:\/\/demo.blazethemes.com\/newsmatic-two\/?page_id=2"},"modified":"2023-12-01T19:43:20","modified_gmt":"2023-12-01T19:43:20","slug":"politica-de-privacidad","status":"publish","type":"page","link":"https:\/\/evantour.com.co\/index.php\/politica-de-privacidad\/","title":{"rendered":"Pol\u00edtica de Privacidad"},"content":{"rendered":"\n<p>Evan Tour SAS opera el sitio web <a href=\"http:\/\/www.evantour.com\/\">www.evantour.com<\/a>.co (el \u00abServicio\u00bb). Esta p\u00e1gina informa a usted de nuestras pol\u00edticas con respecto a la recopilaci\u00f3n, uso y divulgaci\u00f3n de datos personales cuando utiliza nuestro Servicio y las opciones que ha asociado con esos datos.<\/p>\n\n\n\n<p>Utilizamos sus datos para proporcionar y mejorar el Servicio. Al utilizar el Servicio, usted acepta la recopilaci\u00f3n y el uso de la informaci\u00f3n de acuerdo con esta pol\u00edtica. A menos que se defina lo contrario en esta Pol\u00edtica de Privacidad, los t\u00e9rminos utilizados en esta Pol\u00edtica de Privacidad tienen los mismos significados que en nuestros T\u00e9rminos y Condiciones.<\/p>\n\n\n\n<p><strong>Informaci\u00f3n Recopilada y Utilizaci\u00f3n<\/strong><\/p>\n\n\n\n<p>Recopilamos varios tipos de informaci\u00f3n para diversos fines para proporcionar y mejorar nuestro Servicio.<\/p>\n\n\n\n<p><strong>Tipos de Datos Recopilados<\/strong><\/p>\n\n\n\n<p><strong>Datos Personales<\/strong> Al utilizar nuestro Servicio, podemos solicitarle que nos proporcione cierta informaci\u00f3n de identificaci\u00f3n personal que puede incluir, entre otros, su nombre, direcci\u00f3n de correo electr\u00f3nico, direcci\u00f3n postal, n\u00famero de tel\u00e9fono y otra informaci\u00f3n que pueda ser utilizada para identificarlo.<\/p>\n\n\n\n<p><strong>Datos de Uso<\/strong> Tambi\u00e9n podemos recopilar informaci\u00f3n sobre c\u00f3mo se accede y utiliza el Servicio (\u00abDatos de Uso\u00bb). Estos Datos de Uso pueden incluir informaci\u00f3n como la direcci\u00f3n de protocolo de Internet de su computadora (por ejemplo, direcci\u00f3n IP), tipo de navegador, versi\u00f3n del navegador, las p\u00e1ginas de nuestro Servicio que visita, la hora y fecha de su visita, el tiempo que pasa en esas p\u00e1ginas, identificadores \u00fanicos de dispositivos y otros datos de diagn\u00f3stico.<\/p>\n\n\n\n<p><strong>Finalidad del Tratamiento de los Datos Recopilados<\/strong> Evan Tour utiliza los datos recopilados con los siguientes fines:<\/p>\n\n\n\n<ul class=\"wp-block-list\">\n<li>Proporcionar y mantener el Servicio<\/li>\n\n\n\n<li>Notificarle sobre cambios en nuestro Servicio<\/li>\n\n\n\n<li>Permitirle participar en funciones interactivas de nuestro Servicio cuando decida hacerlo<\/li>\n\n\n\n<li>Proporcionar asistencia al cliente<\/li>\n\n\n\n<li>Recopilar an\u00e1lisis o informaci\u00f3n valiosa que nos permita mejorar nuestro Servicio<\/li>\n\n\n\n<li>Controlar el uso del Servicio<\/li>\n\n\n\n<li>Detectar, prevenir y abordar problemas t\u00e9cnicos<\/li>\n<\/ul>\n\n\n\n<p><strong>Cookies y Tecnolog\u00edas Similares<\/strong><\/p>\n\n\n\n<p>Evan Tour utiliza cookies y tecnolog\u00edas similares para rastrear la actividad en nuestro Servicio y almacenar cierta informaci\u00f3n. Puede configurar su navegador para que rechace todas las cookies o para que le indique cu\u00e1ndo se env\u00eda una cookie. Sin embargo, si no acepta cookies, es posible que no pueda utilizar algunas partes de nuestro Servicio.<\/p>\n\n\n\n<p><strong>Cambios a Esta Pol\u00edtica de Privacidad<\/strong><\/p>\n\n\n\n<p>Podemos actualizar nuestra Pol\u00edtica de Privacidad de vez en cuando. Le notificaremos cualquier cambio publicando la nueva Pol\u00edtica de Privacidad en esta p\u00e1gina.<\/p>\n\n\n\n<p><strong>Contacto<\/strong><\/p>\n\n\n\n<p>Si tiene alguna pregunta sobre esta Pol\u00edtica de Privacidad, puede ponerse en contacto con nosotros a trav\u00e9s del correo electr\u00f3nico: reservas@evantour.com.co <\/p>\n","protected":false},"excerpt":{"rendered":"<p>Evan Tour SAS opera el sitio web www.evantour.com.co (el \u00abServicio\u00bb). Esta p\u00e1gina informa a usted de nuestras pol\u00edticas con respecto a la recopilaci\u00f3n, uso y divulgaci\u00f3n de datos personales cuando utiliza nuestro Servicio y las opciones que ha asociado con esos datos. Utilizamos sus datos para proporcionar y mejorar el Servicio. Al utilizar el Servicio, usted acepta la recopilaci\u00f3n y el uso de la informaci\u00f3n de acuerdo con esta pol\u00edtica. A menos que se defina lo contrario en esta Pol\u00edtica de Privacidad, los t\u00e9rminos utilizados en esta Pol\u00edtica de Privacidad&hellip;<\/p>\n","protected":false},"author":1,"featured_media":0,"parent":0,"menu_order":0,"comment_status":"closed","ping_status":"open","template":"","meta":{"footnotes":""},"class_list":["post-2","page","type-page","status-publish","hentry"],"yoast_head":"<!-- This site is optimized with the Yoast SEO plugin v26.8 - https:\/\/yoast.com\/product\/yoast-seo-wordpress\/ -->\n<title>Pol\u00edtica de Privacidad - Evan Tour<\/title>\n<meta name=\"description\" content=\"Informamos nuestras pol\u00edticas de privacidad con respecto a la recopilaci\u00f3n, uso y divulgaci\u00f3n de datos cuando utiliza nuestra web.\" \/>\n<meta name=\"robots\" content=\"index, follow, max-snippet:-1, max-image-preview:large, max-video-preview:-1\" \/>\n<link rel=\"canonical\" href=\"https:\/\/evantour.com.co\/index.php\/politica-de-privacidad\/\" \/>\n<meta property=\"og:locale\" content=\"es_ES\" \/>\n<meta property=\"og:type\" content=\"article\" \/>\n<meta property=\"og:title\" content=\"Pol\u00edtica de Privacidad - Evan Tour\" \/>\n<meta property=\"og:description\" content=\"Informamos nuestras pol\u00edticas de privacidad con respecto a la recopilaci\u00f3n, uso y divulgaci\u00f3n de datos cuando utiliza nuestra web.\" \/>\n<meta property=\"og:url\" content=\"https:\/\/evantour.com.co\/index.php\/politica-de-privacidad\/\" \/>\n<meta property=\"og:site_name\" content=\"Evan Tour\" \/>\n<meta property=\"article:publisher\" content=\"https:\/\/www.facebook.com\/evantoursas\" \/>\n<meta property=\"article:modified_time\" content=\"2023-12-01T19:43:20+00:00\" \/>\n<meta name=\"twitter:card\" content=\"summary_large_image\" \/>\n<meta name=\"twitter:site\" content=\"@evantoursas\" \/>\n<meta name=\"twitter:label1\" content=\"Tiempo de lectura\" \/>\n\t<meta name=\"twitter:data1\" content=\"2 minutos\" \/>\n<script type=\"application\/ld+json\" class=\"yoast-schema-graph\">{\"@context\":\"https:\/\/schema.org\",\"@graph\":[{\"@type\":\"WebPage\",\"@id\":\"https:\/\/evantour.com.co\/index.php\/politica-de-privacidad\/\",\"url\":\"https:\/\/evantour.com.co\/index.php\/politica-de-privacidad\/\",\"name\":\"Pol\u00edtica de Privacidad - Evan Tour\",\"isPartOf\":{\"@id\":\"https:\/\/evantour.com.co\/#website\"},\"datePublished\":\"2023-01-06T06:45:36+00:00\",\"dateModified\":\"2023-12-01T19:43:20+00:00\",\"description\":\"Informamos nuestras pol\u00edticas de privacidad con respecto a la recopilaci\u00f3n, uso y divulgaci\u00f3n de datos cuando utiliza nuestra web.\",\"breadcrumb\":{\"@id\":\"https:\/\/evantour.com.co\/index.php\/politica-de-privacidad\/#breadcrumb\"},\"inLanguage\":\"es\",\"potentialAction\":[{\"@type\":\"ReadAction\",\"target\":[\"https:\/\/evantour.com.co\/index.php\/politica-de-privacidad\/\"]}]},{\"@type\":\"BreadcrumbList\",\"@id\":\"https:\/\/evantour.com.co\/index.php\/politica-de-privacidad\/#breadcrumb\",\"itemListElement\":[{\"@type\":\"ListItem\",\"position\":1,\"name\":\"Portada\",\"item\":\"https:\/\/evantour.com.co\/\"},{\"@type\":\"ListItem\",\"position\":2,\"name\":\"Pol\u00edtica de Privacidad\"}]},{\"@type\":\"WebSite\",\"@id\":\"https:\/\/evantour.com.co\/#website\",\"url\":\"https:\/\/evantour.com.co\/\",\"name\":\"Evan Tour\",\"description\":\"Agencia de Viajes y Turismo\",\"publisher\":{\"@id\":\"https:\/\/evantour.com.co\/#organization\"},\"potentialAction\":[{\"@type\":\"SearchAction\",\"target\":{\"@type\":\"EntryPoint\",\"urlTemplate\":\"https:\/\/evantour.com.co\/?s={search_term_string}\"},\"query-input\":{\"@type\":\"PropertyValueSpecification\",\"valueRequired\":true,\"valueName\":\"search_term_string\"}}],\"inLanguage\":\"es\"},{\"@type\":\"Organization\",\"@id\":\"https:\/\/evantour.com.co\/#organization\",\"name\":\"Evan Tour\",\"alternateName\":\"Evan Tour\",\"url\":\"https:\/\/evantour.com.co\/\",\"logo\":{\"@type\":\"ImageObject\",\"inLanguage\":\"es\",\"@id\":\"https:\/\/evantour.com.co\/#\/schema\/logo\/image\/\",\"url\":\"https:\/\/evantour.com.co\/wp-content\/uploads\/2023\/08\/EVAN-TOUR-Logo-Original-5000x5000-1.png\",\"contentUrl\":\"https:\/\/evantour.com.co\/wp-content\/uploads\/2023\/08\/EVAN-TOUR-Logo-Original-5000x5000-1.png\",\"width\":5000,\"height\":5000,\"caption\":\"Evan Tour\"},\"image\":{\"@id\":\"https:\/\/evantour.com.co\/#\/schema\/logo\/image\/\"},\"sameAs\":[\"https:\/\/www.facebook.com\/evantoursas\",\"https:\/\/x.com\/evantoursas\",\"https:\/\/www.instagram.com\/evan.tour\/\"]}]}<\/script>\n<!-- \/ Yoast SEO plugin. -->","yoast_head_json":{"title":"Pol\u00edtica de Privacidad - Evan Tour","description":"Informamos nuestras pol\u00edticas de privacidad con respecto a la recopilaci\u00f3n, uso y divulgaci\u00f3n de datos cuando utiliza nuestra web.","robots":{"index":"index","follow":"follow","max-snippet":"max-snippet:-1","max-image-preview":"max-image-preview:large","max-video-preview":"max-video-preview:-1"},"canonical":"https:\/\/evantour.com.co\/index.php\/politica-de-privacidad\/","og_locale":"es_ES","og_type":"article","og_title":"Pol\u00edtica de Privacidad - Evan Tour","og_description":"Informamos nuestras pol\u00edticas de privacidad con respecto a la recopilaci\u00f3n, uso y divulgaci\u00f3n de datos cuando utiliza nuestra web.","og_url":"https:\/\/evantour.com.co\/index.php\/politica-de-privacidad\/","og_site_name":"Evan Tour","article_publisher":"https:\/\/www.facebook.com\/evantoursas","article_modified_time":"2023-12-01T19:43:20+00:00","twitter_card":"summary_large_image","twitter_site":"@evantoursas","twitter_misc":{"Tiempo de lectura":"2 minutos"},"schema":{"@context":"https:\/\/schema.org","@graph":[{"@type":"WebPage","@id":"https:\/\/evantour.com.co\/index.php\/politica-de-privacidad\/","url":"https:\/\/evantour.com.co\/index.php\/politica-de-privacidad\/","name":"Pol\u00edtica de Privacidad - Evan Tour","isPartOf":{"@id":"https:\/\/evantour.com.co\/#website"},"datePublished":"2023-01-06T06:45:36+00:00","dateModified":"2023-12-01T19:43:20+00:00","description":"Informamos nuestras pol\u00edticas de privacidad con respecto a la recopilaci\u00f3n, uso y divulgaci\u00f3n de datos cuando utiliza nuestra web.","breadcrumb":{"@id":"https:\/\/evantour.com.co\/index.php\/politica-de-privacidad\/#breadcrumb"},"inLanguage":"es","potentialAction":[{"@type":"ReadAction","target":["https:\/\/evantour.com.co\/index.php\/politica-de-privacidad\/"]}]},{"@type":"BreadcrumbList","@id":"https:\/\/evantour.com.co\/index.php\/politica-de-privacidad\/#breadcrumb","itemListElement":[{"@type":"ListItem","position":1,"name":"Portada","item":"https:\/\/evantour.com.co\/"},{"@type":"ListItem","position":2,"name":"Pol\u00edtica de Privacidad"}]},{"@type":"WebSite","@id":"https:\/\/evantour.com.co\/#website","url":"https:\/\/evantour.com.co\/","name":"Evan Tour","description":"Agencia de Viajes y Turismo","publisher":{"@id":"https:\/\/evantour.com.co\/#organization"},"potentialAction":[{"@type":"SearchAction","target":{"@type":"EntryPoint","urlTemplate":"https:\/\/evantour.com.co\/?s={search_term_string}"},"query-input":{"@type":"PropertyValueSpecification","valueRequired":true,"valueName":"search_term_string"}}],"inLanguage":"es"},{"@type":"Organization","@id":"https:\/\/evantour.com.co\/#organization","name":"Evan Tour","alternateName":"Evan Tour","url":"https:\/\/evantour.com.co\/","logo":{"@type":"ImageObject","inLanguage":"es","@id":"https:\/\/evantour.com.co\/#\/schema\/logo\/image\/","url":"https:\/\/evantour.com.co\/wp-content\/uploads\/2023\/08\/EVAN-TOUR-Logo-Original-5000x5000-1.png","contentUrl":"https:\/\/evantour.com.co\/wp-content\/uploads\/2023\/08\/EVAN-TOUR-Logo-Original-5000x5000-1.png","width":5000,"height":5000,"caption":"Evan Tour"},"image":{"@id":"https:\/\/evantour.com.co\/#\/schema\/logo\/image\/"},"sameAs":["https:\/\/www.facebook.com\/evantoursas","https:\/\/x.com\/evantoursas","https:\/\/www.instagram.com\/evan.tour\/"]}]}},"_hostinger_reach_plugin_has_subscription_block":false,"_hostinger_reach_plugin_is_elementor":false,"_links":{"self":[{"href":"https:\/\/evantour.com.co\/index.php\/wp-json\/wp\/v2\/pages\/2","targetHints":{"allow":["GET"]}}],"collection":[{"href":"https:\/\/evantour.com.co\/index.php\/wp-json\/wp\/v2\/pages"}],"about":[{"href":"https:\/\/evantour.com.co\/index.php\/wp-json\/wp\/v2\/types\/page"}],"author":[{"embeddable":true,"href":"https:\/\/evantour.com.co\/index.php\/wp-json\/wp\/v2\/users\/1"}],"replies":[{"embeddable":true,"href":"https:\/\/evantour.com.co\/index.php\/wp-json\/wp\/v2\/comments?post=2"}],"version-history":[{"count":1,"href":"https:\/\/evantour.com.co\/index.php\/wp-json\/wp\/v2\/pages\/2\/revisions"}],"predecessor-version":[{"id":775,"href":"https:\/\/evantour.com.co\/index.php\/wp-json\/wp\/v2\/pages\/2\/revisions\/775"}],"wp:attachment":[{"href":"https:\/\/evantour.com.co\/index.php\/wp-json\/wp\/v2\/media?parent=2"}],"curies":[{"name":"wp","href":"https:\/\/api.w.org\/{rel}","templated":true}]}}