{"id":779,"date":"2023-12-01T19:58:28","date_gmt":"2023-12-01T19:58:28","guid":{"rendered":"https:\/\/evantour.com.co\/?page_id=779"},"modified":"2024-08-14T23:36:52","modified_gmt":"2024-08-14T23:36:52","slug":"nosotros","status":"publish","type":"page","link":"https:\/\/evantour.com.co\/index.php\/nosotros\/","title":{"rendered":"Nosotros"},"content":{"rendered":"\n<p>En Evan Tour SAS Agencia de Viajes en Yumbo, entendemos la importancia de hacer que cada viaje sea una experiencia sin complicaciones y placentera. Nos enorgullece presentar nuestra propuesta de servicios para la compra de vuelos, dise\u00f1ada para brindar comodidad, eficiencia y tranquilidad a nuestros clientes. Somos expertos en viajes y por eso siempre estaremos disponibles para brindar asesoramiento personalizado, ayud\u00e1ndote a elegir las mejores opciones de vuelo que se adapten a sus necesidades y preferencias.<\/p>\n\n\n<div class=\"wp-block-image\">\n<figure class=\"aligncenter size-large is-resized\"><img fetchpriority=\"high\" decoding=\"async\" width=\"840\" height=\"840\" src=\"https:\/\/evantour.com.co\/wp-content\/uploads\/2024\/08\/EVAN-TOUR-Logo-Black-with-Transparent-Background-5000x5000-2-840x840.png\" alt=\"Nosotros\" class=\"wp-image-869\" style=\"width:171px;height:auto\" srcset=\"https:\/\/evantour.com.co\/wp-content\/uploads\/2024\/08\/EVAN-TOUR-Logo-Black-with-Transparent-Background-5000x5000-2-840x840.png 840w, https:\/\/evantour.com.co\/wp-content\/uploads\/2024\/08\/EVAN-TOUR-Logo-Black-with-Transparent-Background-5000x5000-2-768x768.png 768w, https:\/\/evantour.com.co\/wp-content\/uploads\/2024\/08\/EVAN-TOUR-Logo-Black-with-Transparent-Background-5000x5000-2-1536x1536.png 1536w, https:\/\/evantour.com.co\/wp-content\/uploads\/2024\/08\/EVAN-TOUR-Logo-Black-with-Transparent-Background-5000x5000-2-2048x2048.png 2048w, https:\/\/evantour.com.co\/wp-content\/uploads\/2024\/08\/EVAN-TOUR-Logo-Black-with-Transparent-Background-5000x5000-2-1320x1320.png 1320w\" sizes=\"(max-width: 840px) 100vw, 840px\" \/><\/figure>\n<\/div>\n\n\n<h3 class=\"wp-block-heading\"><strong>Servicios Ofrecidos:<\/strong><\/h3>\n\n\n\n<h3 class=\"wp-block-heading\"><strong>Asesoramiento Personalizado:<\/strong><\/h3>\n\n\n\n<p>Nuestro equipo de expertos en viajes estar\u00e1 disponible para brindar asesoramiento personalizado, ayud\u00e1ndote a elegir las mejores opciones de vuelo que se adapten a sus necesidades y preferencias.<\/p>\n\n\n\n<h3 class=\"wp-block-heading\"><strong>Reservas y Confirmaciones:<\/strong><\/h3>\n\n\n\n<p>Gestionaremos todas las reservas y confirmaciones de vuelos, asegur\u00e1ndonos de que cada detalle est\u00e9 en orden para que sus planes de viaje se desarrollen sin contratiempos.<\/p>\n\n\n\n<h3 class=\"wp-block-heading\"><strong>Monitoreo de Tarifas:<\/strong><\/h3>\n\n\n\n<p>Utilizaremos tecnolog\u00eda avanzada para monitorear las tarifas de vuelos, garantizando que obtengas las mejores ofertas disponibles en el mercado.<\/p>\n\n\n\n<h3 class=\"wp-block-heading\"><strong>Gesti\u00f3n de Itinerarios:<\/strong><\/h3>\n\n\n\n<p>Nos encargaremos de la gesti\u00f3n completa de sus itinerarios, proporcion\u00e1ndole toda la informaci\u00f3n necesaria, desde la salida hasta la llegada.<\/p>\n\n\n\n<h3 class=\"wp-block-heading\"><strong><a href=\"https:\/\/evantour.com.co\/index.php\/category\/asistencia-de-viaje\/\">Seguro de Viaje Opcional:<\/a><\/strong><\/h3>\n\n\n\n<p>Ofrecemos la opci\u00f3n de incluir un seguro de viaje completo para proporcionar una capa adicional de seguridad y protecci\u00f3n financiera en caso de imprevistos.<\/p>\n\n\n\n<h3 class=\"wp-block-heading\"><strong>Beneficios:<\/strong><\/h3>\n\n\n\n<p><strong>Formas de pago: <\/strong>Aceptamos pagos con tarjetas de cr\u00e9dito y d\u00e9bito de todas las principales redes (Visa, MasterCard, American Express, etc.).<\/p>\n\n\n\n<p>Al seleccionar esta forma de pago en su extracto ver\u00e1 reflejado 2 cargos, los cuales corresponden: un cargo para la aerol\u00ednea y otro cargo por los servicios de la agencia.<\/p>\n\n\n\n<p>Para su mayor comodidad en los procesos contables de su empresa ofrecemos un registro en Excel detallando a que compra corresponde cada cargo.<\/p>\n\n\n\n<p>Ofrecemos la opci\u00f3n de realizar pagos mediante transferencia bancaria o dep\u00f3sito directo en nuestra cuenta bancaria.<\/p>\n\n\n\n<h3 class=\"wp-block-heading\"><strong>Tranquilidad:<\/strong><\/h3>\n\n\n\n<p>Elimina el estr\u00e9s asociado con la organizaci\u00f3n de viajes, sabiendo que estamos aqu\u00ed para gestionar todos los detalles en su nombre.<\/p>\n\n\n\n<h3 class=\"wp-block-heading\"><strong>Acceso a Ofertas Exclusivas:<\/strong><\/h3>\n\n\n\n<p>Aprovecha nuestras conexiones y negociaciones con aerol\u00edneas para acceder a ofertas exclusivas y tarifas preferenciales.<\/p>\n\n\n\n<h3 class=\"wp-block-heading\"><strong>Asistencia Continua:<\/strong><\/h3>\n\n\n\n<p>Estamos comprometidos a proporcionar asistencia continua antes, durante y despu\u00e9s de tu viaje para garantizar una experiencia sin preocupaciones.<\/p>\n\n\n\n<h3 class=\"wp-block-heading\"><strong>Proceso de Trabajo:<\/strong><\/h3>\n\n\n\n<h3 class=\"wp-block-heading\"><strong>Consulta Inicial:<\/strong><\/h3>\n\n\n\n<p>Comienza con una consulta inicial para entender sus necesidades y preferencias de viaje.<\/p>\n\n\n\n<h3 class=\"wp-block-heading\"><strong>Propuesta Personalizada:<\/strong><\/h3>\n\n\n\n<p>Le presentaremos una propuesta personalizada que incluir\u00e1 opciones de vuelo, tarifas y servicios adicionales seg\u00fan sus requisitos.<\/p>\n\n\n\n<h3 class=\"wp-block-heading\"><strong>Confirmaci\u00f3n y Reserva:<\/strong><\/h3>\n\n\n\n<p>Una vez que est\u00e9 satisfecho con la propuesta, procederemos a confirmar y reservar sus vuelos.<\/p>\n\n\n\n<h3 class=\"wp-block-heading\"><strong>Seguimiento y Atenci\u00f3n Continua:<\/strong><\/h3>\n\n\n\n<p>Mantendremos un seguimiento constante y estaremos disponibles para cualquier consulta o modificaci\u00f3n que puedas necesitar.<\/p>\n\n\n\n<h3 class=\"wp-block-heading\"><strong>Conclusi\u00f3n:<\/strong><\/h3>\n\n\n\n<p>En <strong>Evan Tour SAS<\/strong> nos esforzamos por ofrecer no solo servicios de viaje, sino experiencias memorables. Con nuestra propuesta, buscamos simplificar el proceso de compra de vuelos y agregar un toque de excelencia a cada viaje. Conf\u00ede en nosotros para hacer que su pr\u00f3ximo viaje sea inolvidable.<\/p>\n\n\n\n<p>No dudes en contactarnos a nuestra linea WhatsApp <a href=\"https:\/\/wa.me\/573008852258\">+573008852258<\/a><\/p>\n\n\n\n<p><\/p>\n","protected":false},"excerpt":{"rendered":"<p>En Evan Tour SAS Agencia de Viajes en Yumbo, entendemos la importancia de hacer que cada viaje sea una experiencia sin complicaciones y placentera. Nos enorgullece presentar nuestra propuesta de servicios para la compra de vuelos, dise\u00f1ada para brindar comodidad, eficiencia y tranquilidad a nuestros clientes. Somos expertos en viajes y por eso siempre estaremos disponibles para brindar asesoramiento personalizado, ayud\u00e1ndote a elegir las mejores opciones de vuelo que se adapten a sus necesidades y preferencias. Servicios Ofrecidos: Asesoramiento Personalizado: Nuestro equipo de expertos en viajes estar\u00e1 disponible para brindar&hellip;<\/p>\n","protected":false},"author":1,"featured_media":0,"parent":0,"menu_order":0,"comment_status":"closed","ping_status":"closed","template":"","meta":{"footnotes":""},"class_list":["post-779","page","type-page","status-publish","hentry"],"yoast_head":"<!-- This site is optimized with the Yoast SEO plugin v26.8 - https:\/\/yoast.com\/product\/yoast-seo-wordpress\/ -->\n<title>Nosotros - Evan Tour - Agencia de Viajes Yumbo<\/title>\n<meta name=\"description\" content=\"Nosotros somos Evan Tour SAS, una agencia de viajes En Yumbo entendemos la importancia de hacer que cada viaje sea una experiencia \u00fanica.\" \/>\n<meta name=\"robots\" content=\"index, follow, max-snippet:-1, max-image-preview:large, max-video-preview:-1\" \/>\n<link rel=\"canonical\" href=\"https:\/\/evantour.com.co\/index.php\/nosotros\/\" \/>\n<meta property=\"og:locale\" content=\"es_ES\" \/>\n<meta property=\"og:type\" content=\"article\" \/>\n<meta property=\"og:title\" content=\"Nosotros - Evan Tour - Agencia de Viajes Yumbo\" \/>\n<meta property=\"og:description\" content=\"Nosotros somos Evan Tour SAS, una agencia de viajes En Yumbo entendemos la importancia de hacer que cada viaje sea una experiencia \u00fanica.\" \/>\n<meta property=\"og:url\" content=\"https:\/\/evantour.com.co\/index.php\/nosotros\/\" \/>\n<meta property=\"og:site_name\" content=\"Evan Tour\" \/>\n<meta property=\"article:publisher\" content=\"https:\/\/www.facebook.com\/evantoursas\" \/>\n<meta property=\"article:modified_time\" content=\"2024-08-14T23:36:52+00:00\" \/>\n<meta property=\"og:image\" content=\"https:\/\/evantour.com.co\/wp-content\/uploads\/2024\/08\/EVAN-TOUR-Logo-Black-with-Transparent-Background-5000x5000-2-840x840.png\" \/>\n<meta name=\"twitter:card\" content=\"summary_large_image\" \/>\n<meta name=\"twitter:site\" content=\"@evantoursas\" \/>\n<meta name=\"twitter:label1\" content=\"Tiempo de lectura\" \/>\n\t<meta name=\"twitter:data1\" content=\"3 minutos\" \/>\n<script type=\"application\/ld+json\" class=\"yoast-schema-graph\">{\"@context\":\"https:\/\/schema.org\",\"@graph\":[{\"@type\":\"WebPage\",\"@id\":\"https:\/\/evantour.com.co\/index.php\/nosotros\/\",\"url\":\"https:\/\/evantour.com.co\/index.php\/nosotros\/\",\"name\":\"Nosotros - Evan Tour - Agencia de Viajes Yumbo\",\"isPartOf\":{\"@id\":\"https:\/\/evantour.com.co\/#website\"},\"primaryImageOfPage\":{\"@id\":\"https:\/\/evantour.com.co\/index.php\/nosotros\/#primaryimage\"},\"image\":{\"@id\":\"https:\/\/evantour.com.co\/index.php\/nosotros\/#primaryimage\"},\"thumbnailUrl\":\"https:\/\/evantour.com.co\/wp-content\/uploads\/2024\/08\/EVAN-TOUR-Logo-Black-with-Transparent-Background-5000x5000-2-840x840.png\",\"datePublished\":\"2023-12-01T19:58:28+00:00\",\"dateModified\":\"2024-08-14T23:36:52+00:00\",\"description\":\"Nosotros somos Evan Tour SAS, una agencia de viajes En Yumbo entendemos la importancia de hacer que cada viaje sea una experiencia \u00fanica.\",\"breadcrumb\":{\"@id\":\"https:\/\/evantour.com.co\/index.php\/nosotros\/#breadcrumb\"},\"inLanguage\":\"es\",\"potentialAction\":[{\"@type\":\"ReadAction\",\"target\":[\"https:\/\/evantour.com.co\/index.php\/nosotros\/\"]}]},{\"@type\":\"ImageObject\",\"inLanguage\":\"es\",\"@id\":\"https:\/\/evantour.com.co\/index.php\/nosotros\/#primaryimage\",\"url\":\"https:\/\/evantour.com.co\/wp-content\/uploads\/2024\/08\/EVAN-TOUR-Logo-Black-with-Transparent-Background-5000x5000-2.png\",\"contentUrl\":\"https:\/\/evantour.com.co\/wp-content\/uploads\/2024\/08\/EVAN-TOUR-Logo-Black-with-Transparent-Background-5000x5000-2.png\",\"width\":5000,\"height\":5000},{\"@type\":\"BreadcrumbList\",\"@id\":\"https:\/\/evantour.com.co\/index.php\/nosotros\/#breadcrumb\",\"itemListElement\":[{\"@type\":\"ListItem\",\"position\":1,\"name\":\"Portada\",\"item\":\"https:\/\/evantour.com.co\/\"},{\"@type\":\"ListItem\",\"position\":2,\"name\":\"Nosotros\"}]},{\"@type\":\"WebSite\",\"@id\":\"https:\/\/evantour.com.co\/#website\",\"url\":\"https:\/\/evantour.com.co\/\",\"name\":\"Evan Tour\",\"description\":\"Agencia de Viajes y Turismo\",\"publisher\":{\"@id\":\"https:\/\/evantour.com.co\/#organization\"},\"potentialAction\":[{\"@type\":\"SearchAction\",\"target\":{\"@type\":\"EntryPoint\",\"urlTemplate\":\"https:\/\/evantour.com.co\/?s={search_term_string}\"},\"query-input\":{\"@type\":\"PropertyValueSpecification\",\"valueRequired\":true,\"valueName\":\"search_term_string\"}}],\"inLanguage\":\"es\"},{\"@type\":\"Organization\",\"@id\":\"https:\/\/evantour.com.co\/#organization\",\"name\":\"Evan Tour\",\"alternateName\":\"Evan Tour\",\"url\":\"https:\/\/evantour.com.co\/\",\"logo\":{\"@type\":\"ImageObject\",\"inLanguage\":\"es\",\"@id\":\"https:\/\/evantour.com.co\/#\/schema\/logo\/image\/\",\"url\":\"https:\/\/evantour.com.co\/wp-content\/uploads\/2023\/08\/EVAN-TOUR-Logo-Original-5000x5000-1.png\",\"contentUrl\":\"https:\/\/evantour.com.co\/wp-content\/uploads\/2023\/08\/EVAN-TOUR-Logo-Original-5000x5000-1.png\",\"width\":5000,\"height\":5000,\"caption\":\"Evan Tour\"},\"image\":{\"@id\":\"https:\/\/evantour.com.co\/#\/schema\/logo\/image\/\"},\"sameAs\":[\"https:\/\/www.facebook.com\/evantoursas\",\"https:\/\/x.com\/evantoursas\",\"https:\/\/www.instagram.com\/evan.tour\/\"]}]}<\/script>\n<!-- \/ Yoast SEO plugin. -->","yoast_head_json":{"title":"Nosotros - Evan Tour - Agencia de Viajes Yumbo","description":"Nosotros somos Evan Tour SAS, una agencia de viajes En Yumbo entendemos la importancia de hacer que cada viaje sea una experiencia \u00fanica.","robots":{"index":"index","follow":"follow","max-snippet":"max-snippet:-1","max-image-preview":"max-image-preview:large","max-video-preview":"max-video-preview:-1"},"canonical":"https:\/\/evantour.com.co\/index.php\/nosotros\/","og_locale":"es_ES","og_type":"article","og_title":"Nosotros - Evan Tour - Agencia de Viajes Yumbo","og_description":"Nosotros somos Evan Tour SAS, una agencia de viajes En Yumbo entendemos la importancia de hacer que cada viaje sea una experiencia \u00fanica.","og_url":"https:\/\/evantour.com.co\/index.php\/nosotros\/","og_site_name":"Evan Tour","article_publisher":"https:\/\/www.facebook.com\/evantoursas","article_modified_time":"2024-08-14T23:36:52+00:00","og_image":[{"url":"https:\/\/evantour.com.co\/wp-content\/uploads\/2024\/08\/EVAN-TOUR-Logo-Black-with-Transparent-Background-5000x5000-2-840x840.png","type":"","width":"","height":""}],"twitter_card":"summary_large_image","twitter_site":"@evantoursas","twitter_misc":{"Tiempo de lectura":"3 minutos"},"schema":{"@context":"https:\/\/schema.org","@graph":[{"@type":"WebPage","@id":"https:\/\/evantour.com.co\/index.php\/nosotros\/","url":"https:\/\/evantour.com.co\/index.php\/nosotros\/","name":"Nosotros - Evan Tour - Agencia de Viajes Yumbo","isPartOf":{"@id":"https:\/\/evantour.com.co\/#website"},"primaryImageOfPage":{"@id":"https:\/\/evantour.com.co\/index.php\/nosotros\/#primaryimage"},"image":{"@id":"https:\/\/evantour.com.co\/index.php\/nosotros\/#primaryimage"},"thumbnailUrl":"https:\/\/evantour.com.co\/wp-content\/uploads\/2024\/08\/EVAN-TOUR-Logo-Black-with-Transparent-Background-5000x5000-2-840x840.png","datePublished":"2023-12-01T19:58:28+00:00","dateModified":"2024-08-14T23:36:52+00:00","description":"Nosotros somos Evan Tour SAS, una agencia de viajes En Yumbo entendemos la importancia de hacer que cada viaje sea una experiencia \u00fanica.","breadcrumb":{"@id":"https:\/\/evantour.com.co\/index.php\/nosotros\/#breadcrumb"},"inLanguage":"es","potentialAction":[{"@type":"ReadAction","target":["https:\/\/evantour.com.co\/index.php\/nosotros\/"]}]},{"@type":"ImageObject","inLanguage":"es","@id":"https:\/\/evantour.com.co\/index.php\/nosotros\/#primaryimage","url":"https:\/\/evantour.com.co\/wp-content\/uploads\/2024\/08\/EVAN-TOUR-Logo-Black-with-Transparent-Background-5000x5000-2.png","contentUrl":"https:\/\/evantour.com.co\/wp-content\/uploads\/2024\/08\/EVAN-TOUR-Logo-Black-with-Transparent-Background-5000x5000-2.png","width":5000,"height":5000},{"@type":"BreadcrumbList","@id":"https:\/\/evantour.com.co\/index.php\/nosotros\/#breadcrumb","itemListElement":[{"@type":"ListItem","position":1,"name":"Portada","item":"https:\/\/evantour.com.co\/"},{"@type":"ListItem","position":2,"name":"Nosotros"}]},{"@type":"WebSite","@id":"https:\/\/evantour.com.co\/#website","url":"https:\/\/evantour.com.co\/","name":"Evan Tour","description":"Agencia de Viajes y Turismo","publisher":{"@id":"https:\/\/evantour.com.co\/#organization"},"potentialAction":[{"@type":"SearchAction","target":{"@type":"EntryPoint","urlTemplate":"https:\/\/evantour.com.co\/?s={search_term_string}"},"query-input":{"@type":"PropertyValueSpecification","valueRequired":true,"valueName":"search_term_string"}}],"inLanguage":"es"},{"@type":"Organization","@id":"https:\/\/evantour.com.co\/#organization","name":"Evan Tour","alternateName":"Evan Tour","url":"https:\/\/evantour.com.co\/","logo":{"@type":"ImageObject","inLanguage":"es","@id":"https:\/\/evantour.com.co\/#\/schema\/logo\/image\/","url":"https:\/\/evantour.com.co\/wp-content\/uploads\/2023\/08\/EVAN-TOUR-Logo-Original-5000x5000-1.png","contentUrl":"https:\/\/evantour.com.co\/wp-content\/uploads\/2023\/08\/EVAN-TOUR-Logo-Original-5000x5000-1.png","width":5000,"height":5000,"caption":"Evan Tour"},"image":{"@id":"https:\/\/evantour.com.co\/#\/schema\/logo\/image\/"},"sameAs":["https:\/\/www.facebook.com\/evantoursas","https:\/\/x.com\/evantoursas","https:\/\/www.instagram.com\/evan.tour\/"]}]}},"_hostinger_reach_plugin_has_subscription_block":false,"_hostinger_reach_plugin_is_elementor":false,"_links":{"self":[{"href":"https:\/\/evantour.com.co\/index.php\/wp-json\/wp\/v2\/pages\/779","targetHints":{"allow":["GET"]}}],"collection":[{"href":"https:\/\/evantour.com.co\/index.php\/wp-json\/wp\/v2\/pages"}],"about":[{"href":"https:\/\/evantour.com.co\/index.php\/wp-json\/wp\/v2\/types\/page"}],"author":[{"embeddable":true,"href":"https:\/\/evantour.com.co\/index.php\/wp-json\/wp\/v2\/users\/1"}],"replies":[{"embeddable":true,"href":"https:\/\/evantour.com.co\/index.php\/wp-json\/wp\/v2\/comments?post=779"}],"version-history":[{"count":7,"href":"https:\/\/evantour.com.co\/index.php\/wp-json\/wp\/v2\/pages\/779\/revisions"}],"predecessor-version":[{"id":874,"href":"https:\/\/evantour.com.co\/index.php\/wp-json\/wp\/v2\/pages\/779\/revisions\/874"}],"wp:attachment":[{"href":"https:\/\/evantour.com.co\/index.php\/wp-json\/wp\/v2\/media?parent=779"}],"curies":[{"name":"wp","href":"https:\/\/api.w.org\/{rel}","templated":true}]}}