{"id":797,"date":"2023-12-01T20:29:56","date_gmt":"2023-12-01T20:29:56","guid":{"rendered":"https:\/\/evantour.com.co\/?page_id=797"},"modified":"2023-12-01T20:29:57","modified_gmt":"2023-12-01T20:29:57","slug":"mision-y-vision","status":"publish","type":"page","link":"https:\/\/evantour.com.co\/index.php\/mision-y-vision\/","title":{"rendered":"Misi\u00f3n y Visi\u00f3n"},"content":{"rendered":"\n<p>En el coraz\u00f3n de Evan Tour SAS se encuentra una visi\u00f3n audaz: ser la agencia de viajes preferida, reconocida por la calidad de sus servicios y la satisfacci\u00f3n del cliente. <\/p>\n\n\n\n<p>Nuestra misi\u00f3n es facilitar viajes extraordinarios, ofreciendo opciones personalizadas que se adapten a las necesidades y deseos individuales de cada cliente.<\/p>\n\n\n\n<h3 class=\"wp-block-heading\"><em><strong>Compromiso con la Calidad<\/strong><\/em><\/h3>\n\n\n\n<p>La calidad es la piedra angular de Evan Tour SAS. Nos esforzamos por ofrecer experiencias de viaje que superen las expectativas, desde la planificaci\u00f3n hasta la realizaci\u00f3n del viaje. Trabajamos con proveedores confiables y seleccionamos cuidadosamente destinos que ofrezcan una combinaci\u00f3n \u00fanica de belleza, cultura y aventura.<\/p>\n","protected":false},"excerpt":{"rendered":"<p>En el coraz\u00f3n de Evan Tour SAS se encuentra una visi\u00f3n audaz: ser la agencia de viajes preferida, reconocida por la calidad de sus servicios y la satisfacci\u00f3n del cliente. Nuestra misi\u00f3n es facilitar viajes extraordinarios, ofreciendo opciones personalizadas que se adapten a las necesidades y deseos individuales de cada cliente. Compromiso con la Calidad La calidad es la piedra angular de Evan Tour SAS. Nos esforzamos por ofrecer experiencias de viaje que superen las expectativas, desde la planificaci\u00f3n hasta la realizaci\u00f3n del viaje. Trabajamos con proveedores confiables y seleccionamos&hellip;<\/p>\n","protected":false},"author":1,"featured_media":0,"parent":0,"menu_order":0,"comment_status":"closed","ping_status":"closed","template":"","meta":{"footnotes":""},"class_list":["post-797","page","type-page","status-publish","hentry"],"yoast_head":"<!-- This site is optimized with the Yoast SEO plugin v26.8 - https:\/\/yoast.com\/product\/yoast-seo-wordpress\/ -->\n<title>Misi\u00f3n y Visi\u00f3n - Evan Tour<\/title>\n<meta name=\"description\" content=\"En el coraz\u00f3n de Evan Tour SAS se encuentra una visi\u00f3n audaz: ser la agencia de viajes preferida, reconocida por la calidad de sus servicios y la satisfacci\u00f3n del cliente.\" \/>\n<meta name=\"robots\" content=\"index, follow, max-snippet:-1, max-image-preview:large, max-video-preview:-1\" \/>\n<link rel=\"canonical\" href=\"https:\/\/evantour.com.co\/index.php\/mision-y-vision\/\" \/>\n<meta property=\"og:locale\" content=\"es_ES\" \/>\n<meta property=\"og:type\" content=\"article\" \/>\n<meta property=\"og:title\" content=\"Misi\u00f3n y Visi\u00f3n - Evan Tour\" \/>\n<meta property=\"og:description\" content=\"En el coraz\u00f3n de Evan Tour SAS se encuentra una visi\u00f3n audaz: ser la agencia de viajes preferida, reconocida por la calidad de sus servicios y la satisfacci\u00f3n del cliente.\" \/>\n<meta property=\"og:url\" content=\"https:\/\/evantour.com.co\/index.php\/mision-y-vision\/\" \/>\n<meta property=\"og:site_name\" content=\"Evan Tour\" \/>\n<meta property=\"article:publisher\" content=\"https:\/\/www.facebook.com\/evantoursas\" \/>\n<meta property=\"article:modified_time\" content=\"2023-12-01T20:29:57+00:00\" \/>\n<meta name=\"twitter:card\" content=\"summary_large_image\" \/>\n<meta name=\"twitter:site\" content=\"@evantoursas\" \/>\n<meta name=\"twitter:label1\" content=\"Tiempo de lectura\" \/>\n\t<meta name=\"twitter:data1\" content=\"1 minuto\" \/>\n<script type=\"application\/ld+json\" class=\"yoast-schema-graph\">{\"@context\":\"https:\/\/schema.org\",\"@graph\":[{\"@type\":\"WebPage\",\"@id\":\"https:\/\/evantour.com.co\/index.php\/mision-y-vision\/\",\"url\":\"https:\/\/evantour.com.co\/index.php\/mision-y-vision\/\",\"name\":\"Misi\u00f3n y Visi\u00f3n - Evan Tour\",\"isPartOf\":{\"@id\":\"https:\/\/evantour.com.co\/#website\"},\"datePublished\":\"2023-12-01T20:29:56+00:00\",\"dateModified\":\"2023-12-01T20:29:57+00:00\",\"description\":\"En el coraz\u00f3n de Evan Tour SAS se encuentra una visi\u00f3n audaz: ser la agencia de viajes preferida, reconocida por la calidad de sus servicios y la satisfacci\u00f3n del cliente.\",\"breadcrumb\":{\"@id\":\"https:\/\/evantour.com.co\/index.php\/mision-y-vision\/#breadcrumb\"},\"inLanguage\":\"es\",\"potentialAction\":[{\"@type\":\"ReadAction\",\"target\":[\"https:\/\/evantour.com.co\/index.php\/mision-y-vision\/\"]}]},{\"@type\":\"BreadcrumbList\",\"@id\":\"https:\/\/evantour.com.co\/index.php\/mision-y-vision\/#breadcrumb\",\"itemListElement\":[{\"@type\":\"ListItem\",\"position\":1,\"name\":\"Portada\",\"item\":\"https:\/\/evantour.com.co\/\"},{\"@type\":\"ListItem\",\"position\":2,\"name\":\"Misi\u00f3n y Visi\u00f3n\"}]},{\"@type\":\"WebSite\",\"@id\":\"https:\/\/evantour.com.co\/#website\",\"url\":\"https:\/\/evantour.com.co\/\",\"name\":\"Evan Tour\",\"description\":\"Agencia de Viajes y Turismo\",\"publisher\":{\"@id\":\"https:\/\/evantour.com.co\/#organization\"},\"potentialAction\":[{\"@type\":\"SearchAction\",\"target\":{\"@type\":\"EntryPoint\",\"urlTemplate\":\"https:\/\/evantour.com.co\/?s={search_term_string}\"},\"query-input\":{\"@type\":\"PropertyValueSpecification\",\"valueRequired\":true,\"valueName\":\"search_term_string\"}}],\"inLanguage\":\"es\"},{\"@type\":\"Organization\",\"@id\":\"https:\/\/evantour.com.co\/#organization\",\"name\":\"Evan Tour\",\"alternateName\":\"Evan Tour\",\"url\":\"https:\/\/evantour.com.co\/\",\"logo\":{\"@type\":\"ImageObject\",\"inLanguage\":\"es\",\"@id\":\"https:\/\/evantour.com.co\/#\/schema\/logo\/image\/\",\"url\":\"https:\/\/evantour.com.co\/wp-content\/uploads\/2023\/08\/EVAN-TOUR-Logo-Original-5000x5000-1.png\",\"contentUrl\":\"https:\/\/evantour.com.co\/wp-content\/uploads\/2023\/08\/EVAN-TOUR-Logo-Original-5000x5000-1.png\",\"width\":5000,\"height\":5000,\"caption\":\"Evan Tour\"},\"image\":{\"@id\":\"https:\/\/evantour.com.co\/#\/schema\/logo\/image\/\"},\"sameAs\":[\"https:\/\/www.facebook.com\/evantoursas\",\"https:\/\/x.com\/evantoursas\",\"https:\/\/www.instagram.com\/evan.tour\/\"]}]}<\/script>\n<!-- \/ Yoast SEO plugin. -->","yoast_head_json":{"title":"Misi\u00f3n y Visi\u00f3n - Evan Tour","description":"En el coraz\u00f3n de Evan Tour SAS se encuentra una visi\u00f3n audaz: ser la agencia de viajes preferida, reconocida por la calidad de sus servicios y la satisfacci\u00f3n del cliente.","robots":{"index":"index","follow":"follow","max-snippet":"max-snippet:-1","max-image-preview":"max-image-preview:large","max-video-preview":"max-video-preview:-1"},"canonical":"https:\/\/evantour.com.co\/index.php\/mision-y-vision\/","og_locale":"es_ES","og_type":"article","og_title":"Misi\u00f3n y Visi\u00f3n - Evan Tour","og_description":"En el coraz\u00f3n de Evan Tour SAS se encuentra una visi\u00f3n audaz: ser la agencia de viajes preferida, reconocida por la calidad de sus servicios y la satisfacci\u00f3n del cliente.","og_url":"https:\/\/evantour.com.co\/index.php\/mision-y-vision\/","og_site_name":"Evan Tour","article_publisher":"https:\/\/www.facebook.com\/evantoursas","article_modified_time":"2023-12-01T20:29:57+00:00","twitter_card":"summary_large_image","twitter_site":"@evantoursas","twitter_misc":{"Tiempo de lectura":"1 minuto"},"schema":{"@context":"https:\/\/schema.org","@graph":[{"@type":"WebPage","@id":"https:\/\/evantour.com.co\/index.php\/mision-y-vision\/","url":"https:\/\/evantour.com.co\/index.php\/mision-y-vision\/","name":"Misi\u00f3n y Visi\u00f3n - Evan Tour","isPartOf":{"@id":"https:\/\/evantour.com.co\/#website"},"datePublished":"2023-12-01T20:29:56+00:00","dateModified":"2023-12-01T20:29:57+00:00","description":"En el coraz\u00f3n de Evan Tour SAS se encuentra una visi\u00f3n audaz: ser la agencia de viajes preferida, reconocida por la calidad de sus servicios y la satisfacci\u00f3n del cliente.","breadcrumb":{"@id":"https:\/\/evantour.com.co\/index.php\/mision-y-vision\/#breadcrumb"},"inLanguage":"es","potentialAction":[{"@type":"ReadAction","target":["https:\/\/evantour.com.co\/index.php\/mision-y-vision\/"]}]},{"@type":"BreadcrumbList","@id":"https:\/\/evantour.com.co\/index.php\/mision-y-vision\/#breadcrumb","itemListElement":[{"@type":"ListItem","position":1,"name":"Portada","item":"https:\/\/evantour.com.co\/"},{"@type":"ListItem","position":2,"name":"Misi\u00f3n y Visi\u00f3n"}]},{"@type":"WebSite","@id":"https:\/\/evantour.com.co\/#website","url":"https:\/\/evantour.com.co\/","name":"Evan Tour","description":"Agencia de Viajes y Turismo","publisher":{"@id":"https:\/\/evantour.com.co\/#organization"},"potentialAction":[{"@type":"SearchAction","target":{"@type":"EntryPoint","urlTemplate":"https:\/\/evantour.com.co\/?s={search_term_string}"},"query-input":{"@type":"PropertyValueSpecification","valueRequired":true,"valueName":"search_term_string"}}],"inLanguage":"es"},{"@type":"Organization","@id":"https:\/\/evantour.com.co\/#organization","name":"Evan Tour","alternateName":"Evan Tour","url":"https:\/\/evantour.com.co\/","logo":{"@type":"ImageObject","inLanguage":"es","@id":"https:\/\/evantour.com.co\/#\/schema\/logo\/image\/","url":"https:\/\/evantour.com.co\/wp-content\/uploads\/2023\/08\/EVAN-TOUR-Logo-Original-5000x5000-1.png","contentUrl":"https:\/\/evantour.com.co\/wp-content\/uploads\/2023\/08\/EVAN-TOUR-Logo-Original-5000x5000-1.png","width":5000,"height":5000,"caption":"Evan Tour"},"image":{"@id":"https:\/\/evantour.com.co\/#\/schema\/logo\/image\/"},"sameAs":["https:\/\/www.facebook.com\/evantoursas","https:\/\/x.com\/evantoursas","https:\/\/www.instagram.com\/evan.tour\/"]}]}},"_hostinger_reach_plugin_has_subscription_block":false,"_hostinger_reach_plugin_is_elementor":false,"_links":{"self":[{"href":"https:\/\/evantour.com.co\/index.php\/wp-json\/wp\/v2\/pages\/797","targetHints":{"allow":["GET"]}}],"collection":[{"href":"https:\/\/evantour.com.co\/index.php\/wp-json\/wp\/v2\/pages"}],"about":[{"href":"https:\/\/evantour.com.co\/index.php\/wp-json\/wp\/v2\/types\/page"}],"author":[{"embeddable":true,"href":"https:\/\/evantour.com.co\/index.php\/wp-json\/wp\/v2\/users\/1"}],"replies":[{"embeddable":true,"href":"https:\/\/evantour.com.co\/index.php\/wp-json\/wp\/v2\/comments?post=797"}],"version-history":[{"count":1,"href":"https:\/\/evantour.com.co\/index.php\/wp-json\/wp\/v2\/pages\/797\/revisions"}],"predecessor-version":[{"id":798,"href":"https:\/\/evantour.com.co\/index.php\/wp-json\/wp\/v2\/pages\/797\/revisions\/798"}],"wp:attachment":[{"href":"https:\/\/evantour.com.co\/index.php\/wp-json\/wp\/v2\/media?parent=797"}],"curies":[{"name":"wp","href":"https:\/\/api.w.org\/{rel}","templated":true}]}}