{"id":826,"date":"2023-12-02T16:09:55","date_gmt":"2023-12-02T16:09:55","guid":{"rendered":"https:\/\/evantour.com.co\/?page_id=826"},"modified":"2023-12-02T16:12:04","modified_gmt":"2023-12-02T16:12:04","slug":"politica-de-sostenibilidad","status":"publish","type":"page","link":"https:\/\/evantour.com.co\/index.php\/politica-de-sostenibilidad\/","title":{"rendered":"Pol\u00edtica de sostenibilidad."},"content":{"rendered":"\n<p>En Evan Tour Agencia de Viajes y Turismo, estamos comprometidos con la sostenibilidad y la responsabilidad social corporativa. Reconocemos la importancia de minimizar nuestro impacto ambiental, promover pr\u00e1cticas \u00e9ticas y contribuir al bienestar de las comunidades locales. A trav\u00e9s de esta pol\u00edtica, establecemos nuestros compromisos para lograr un turismo m\u00e1s sostenible y \u00e9tico.<\/p>\n\n\n\n<h2 class=\"wp-block-heading\">Protecci\u00f3n al medio ambiente<\/h2>\n\n\n\n<ul class=\"wp-block-list\">\n<li>Arroje las basuras en los recipientes dispuestos para tal fin.<\/li>\n\n\n\n<li>Si visita destinos de naturaleza donde no hay disponibilidad de canecas u otros recipientes, por favor guarden los residuos hasta encontrar un lugar adecuado.<\/li>\n\n\n\n<li>Donde sea posible, realice separaci\u00f3n de residuos s\u00f3lidos, esto permitir\u00e1 que los establecimientos reciclen, aprovechando residuos para otros usos.<\/li>\n\n\n\n<li>Realice uso adecuado del agua. Evite desperdiciar este valioso recurso.<\/li>\n\n\n\n<li>No contamine las fuentes de agua como cascadas, r\u00edos, lagos y mares. Evite arrojar residuos s\u00f3lidos o l\u00edquidos que afecten las fuentes h\u00eddricas.<\/li>\n<\/ul>\n\n\n\n<h2 class=\"wp-block-heading\">Protecci\u00f3n de flora y fauna<\/h2>\n\n\n\n<ul class=\"wp-block-list\">\n<li>Arroje las basuras en los recipientes dispuestos para tal fin.<\/li>\n\n\n\n<li>Si visita destinos de naturaleza donde no hay disponibilidad de canecas u otros recipientes, por favor guarden los residuos hasta encontrar un lugar adecuado.<\/li>\n\n\n\n<li>Donde sea posible, realice separaci\u00f3n de residuos s\u00f3lidos, esto permitir\u00e1 que los establecimientos reciclen, aprovechando residuos para otros usos.<\/li>\n\n\n\n<li>Realice uso adecuado del agua. Evite desperdiciar este valioso recurso.<\/li>\n\n\n\n<li>No contamine las fuentes de agua como cascadas, r\u00edos, lagos y mares. Evite arrojar residuos s\u00f3lidos o l\u00edquidos que afecten las fuentes h\u00eddricas.<\/li>\n<\/ul>\n\n\n\n<h2 class=\"wp-block-heading\">Protecci\u00f3n al patrimonio natural<\/h2>\n\n\n\n<p>Si visita lugares que hagan parte del patrimonio natural, cumpla las normas establecidas por cada sitio. Evite da\u00f1ar, alterar o afectar de alg\u00fan modo los ecosistemas y paisajes. Info:\u00a0<a href=\"https:\/\/www.patrimonionatural.org.co\/\" target=\"_blank\" rel=\"noreferrer noopener\">https:\/\/www.patrimonionatural.org.co\/<\/a><\/p>\n\n\n\n<h2 class=\"wp-block-heading\">Protecci\u00f3n de ni\u00f1os, ni\u00f1as y adolescentesl<\/h2>\n\n\n\n<ul class=\"wp-block-list\">\n<li>No busque, utilice o promueva pr\u00e1cticas de turismo sexual con menores de edad. Si usted es testigo de alguna situaci\u00f3n donde se evidencie la explotaci\u00f3n sexual de ni\u00f1os, ni\u00f1as y adolescentes, den\u00fancielo ante las autoridades competentes. Este es un delito penalizado por la ley.<\/li>\n<\/ul>\n\n\n\n<h2 class=\"wp-block-heading\">Econom\u00eda<\/h2>\n\n\n\n<p>Fortalezca el comercio local: Coma en restaurantes locales, compre en mercados locales y asista a eventos locales. Compre productos manufacturados localmente a fin de reducir la contaminaci\u00f3n relacionada con la importaci\u00f3n de bienes. De esta manera el dinero que usted gasta permanece en la comunidad.<br>Nunca compre artesan\u00edas, ropa, muebles u otros productos derivados de especies animales protegidas o en peligro de extinci\u00f3n. Puede exponerse a acciones judiciales si compra productos hechos a partir de especies en peligro de extinci\u00f3n.<\/p>\n","protected":false},"excerpt":{"rendered":"<p>En Evan Tour Agencia de Viajes y Turismo, estamos comprometidos con la sostenibilidad y la responsabilidad social corporativa. Reconocemos la importancia de minimizar nuestro impacto ambiental, promover pr\u00e1cticas \u00e9ticas y contribuir al bienestar de las comunidades locales. A trav\u00e9s de esta pol\u00edtica, establecemos nuestros compromisos para lograr un turismo m\u00e1s sostenible y \u00e9tico. Protecci\u00f3n al medio ambiente Protecci\u00f3n de flora y fauna Protecci\u00f3n al patrimonio natural Si visita lugares que hagan parte del patrimonio natural, cumpla las normas establecidas por cada sitio. Evite da\u00f1ar, alterar o afectar de alg\u00fan modo&hellip;<\/p>\n","protected":false},"author":1,"featured_media":0,"parent":0,"menu_order":0,"comment_status":"closed","ping_status":"closed","template":"","meta":{"footnotes":""},"class_list":["post-826","page","type-page","status-publish","hentry"],"yoast_head":"<!-- This site is optimized with the Yoast SEO plugin v26.8 - https:\/\/yoast.com\/product\/yoast-seo-wordpress\/ -->\n<title>Pol\u00edtica de sostenibilidad. - Evan Tour<\/title>\n<meta name=\"description\" content=\"En Evan Tour Agencia de Viajes y Turismo, estamos comprometidos con la sostenibilidad y la responsabilidad social corporativa.\" \/>\n<meta name=\"robots\" content=\"index, follow, max-snippet:-1, max-image-preview:large, max-video-preview:-1\" \/>\n<link rel=\"canonical\" href=\"https:\/\/evantour.com.co\/index.php\/politica-de-sostenibilidad\/\" \/>\n<meta property=\"og:locale\" content=\"es_ES\" \/>\n<meta property=\"og:type\" content=\"article\" \/>\n<meta property=\"og:title\" content=\"Pol\u00edtica de sostenibilidad. - Evan Tour\" \/>\n<meta property=\"og:description\" content=\"En Evan Tour Agencia de Viajes y Turismo, estamos comprometidos con la sostenibilidad y la responsabilidad social corporativa.\" \/>\n<meta property=\"og:url\" content=\"https:\/\/evantour.com.co\/index.php\/politica-de-sostenibilidad\/\" \/>\n<meta property=\"og:site_name\" content=\"Evan Tour\" \/>\n<meta property=\"article:publisher\" content=\"https:\/\/www.facebook.com\/evantoursas\" \/>\n<meta property=\"article:modified_time\" content=\"2023-12-02T16:12:04+00:00\" \/>\n<meta name=\"twitter:card\" content=\"summary_large_image\" \/>\n<meta name=\"twitter:site\" content=\"@evantoursas\" \/>\n<meta name=\"twitter:label1\" content=\"Tiempo de lectura\" \/>\n\t<meta name=\"twitter:data1\" content=\"2 minutos\" \/>\n<script type=\"application\/ld+json\" class=\"yoast-schema-graph\">{\"@context\":\"https:\/\/schema.org\",\"@graph\":[{\"@type\":\"WebPage\",\"@id\":\"https:\/\/evantour.com.co\/index.php\/politica-de-sostenibilidad\/\",\"url\":\"https:\/\/evantour.com.co\/index.php\/politica-de-sostenibilidad\/\",\"name\":\"Pol\u00edtica de sostenibilidad. - Evan Tour\",\"isPartOf\":{\"@id\":\"https:\/\/evantour.com.co\/#website\"},\"datePublished\":\"2023-12-02T16:09:55+00:00\",\"dateModified\":\"2023-12-02T16:12:04+00:00\",\"description\":\"En Evan Tour Agencia de Viajes y Turismo, estamos comprometidos con la sostenibilidad y la responsabilidad social corporativa.\",\"breadcrumb\":{\"@id\":\"https:\/\/evantour.com.co\/index.php\/politica-de-sostenibilidad\/#breadcrumb\"},\"inLanguage\":\"es\",\"potentialAction\":[{\"@type\":\"ReadAction\",\"target\":[\"https:\/\/evantour.com.co\/index.php\/politica-de-sostenibilidad\/\"]}]},{\"@type\":\"BreadcrumbList\",\"@id\":\"https:\/\/evantour.com.co\/index.php\/politica-de-sostenibilidad\/#breadcrumb\",\"itemListElement\":[{\"@type\":\"ListItem\",\"position\":1,\"name\":\"Portada\",\"item\":\"https:\/\/evantour.com.co\/\"},{\"@type\":\"ListItem\",\"position\":2,\"name\":\"Pol\u00edtica de sostenibilidad.\"}]},{\"@type\":\"WebSite\",\"@id\":\"https:\/\/evantour.com.co\/#website\",\"url\":\"https:\/\/evantour.com.co\/\",\"name\":\"Evan Tour\",\"description\":\"Agencia de Viajes y Turismo\",\"publisher\":{\"@id\":\"https:\/\/evantour.com.co\/#organization\"},\"potentialAction\":[{\"@type\":\"SearchAction\",\"target\":{\"@type\":\"EntryPoint\",\"urlTemplate\":\"https:\/\/evantour.com.co\/?s={search_term_string}\"},\"query-input\":{\"@type\":\"PropertyValueSpecification\",\"valueRequired\":true,\"valueName\":\"search_term_string\"}}],\"inLanguage\":\"es\"},{\"@type\":\"Organization\",\"@id\":\"https:\/\/evantour.com.co\/#organization\",\"name\":\"Evan Tour\",\"alternateName\":\"Evan Tour\",\"url\":\"https:\/\/evantour.com.co\/\",\"logo\":{\"@type\":\"ImageObject\",\"inLanguage\":\"es\",\"@id\":\"https:\/\/evantour.com.co\/#\/schema\/logo\/image\/\",\"url\":\"https:\/\/evantour.com.co\/wp-content\/uploads\/2023\/08\/EVAN-TOUR-Logo-Original-5000x5000-1.png\",\"contentUrl\":\"https:\/\/evantour.com.co\/wp-content\/uploads\/2023\/08\/EVAN-TOUR-Logo-Original-5000x5000-1.png\",\"width\":5000,\"height\":5000,\"caption\":\"Evan Tour\"},\"image\":{\"@id\":\"https:\/\/evantour.com.co\/#\/schema\/logo\/image\/\"},\"sameAs\":[\"https:\/\/www.facebook.com\/evantoursas\",\"https:\/\/x.com\/evantoursas\",\"https:\/\/www.instagram.com\/evan.tour\/\"]}]}<\/script>\n<!-- \/ Yoast SEO plugin. -->","yoast_head_json":{"title":"Pol\u00edtica de sostenibilidad. - Evan Tour","description":"En Evan Tour Agencia de Viajes y Turismo, estamos comprometidos con la sostenibilidad y la responsabilidad social corporativa.","robots":{"index":"index","follow":"follow","max-snippet":"max-snippet:-1","max-image-preview":"max-image-preview:large","max-video-preview":"max-video-preview:-1"},"canonical":"https:\/\/evantour.com.co\/index.php\/politica-de-sostenibilidad\/","og_locale":"es_ES","og_type":"article","og_title":"Pol\u00edtica de sostenibilidad. - Evan Tour","og_description":"En Evan Tour Agencia de Viajes y Turismo, estamos comprometidos con la sostenibilidad y la responsabilidad social corporativa.","og_url":"https:\/\/evantour.com.co\/index.php\/politica-de-sostenibilidad\/","og_site_name":"Evan Tour","article_publisher":"https:\/\/www.facebook.com\/evantoursas","article_modified_time":"2023-12-02T16:12:04+00:00","twitter_card":"summary_large_image","twitter_site":"@evantoursas","twitter_misc":{"Tiempo de lectura":"2 minutos"},"schema":{"@context":"https:\/\/schema.org","@graph":[{"@type":"WebPage","@id":"https:\/\/evantour.com.co\/index.php\/politica-de-sostenibilidad\/","url":"https:\/\/evantour.com.co\/index.php\/politica-de-sostenibilidad\/","name":"Pol\u00edtica de sostenibilidad. - Evan Tour","isPartOf":{"@id":"https:\/\/evantour.com.co\/#website"},"datePublished":"2023-12-02T16:09:55+00:00","dateModified":"2023-12-02T16:12:04+00:00","description":"En Evan Tour Agencia de Viajes y Turismo, estamos comprometidos con la sostenibilidad y la responsabilidad social corporativa.","breadcrumb":{"@id":"https:\/\/evantour.com.co\/index.php\/politica-de-sostenibilidad\/#breadcrumb"},"inLanguage":"es","potentialAction":[{"@type":"ReadAction","target":["https:\/\/evantour.com.co\/index.php\/politica-de-sostenibilidad\/"]}]},{"@type":"BreadcrumbList","@id":"https:\/\/evantour.com.co\/index.php\/politica-de-sostenibilidad\/#breadcrumb","itemListElement":[{"@type":"ListItem","position":1,"name":"Portada","item":"https:\/\/evantour.com.co\/"},{"@type":"ListItem","position":2,"name":"Pol\u00edtica de sostenibilidad."}]},{"@type":"WebSite","@id":"https:\/\/evantour.com.co\/#website","url":"https:\/\/evantour.com.co\/","name":"Evan Tour","description":"Agencia de Viajes y Turismo","publisher":{"@id":"https:\/\/evantour.com.co\/#organization"},"potentialAction":[{"@type":"SearchAction","target":{"@type":"EntryPoint","urlTemplate":"https:\/\/evantour.com.co\/?s={search_term_string}"},"query-input":{"@type":"PropertyValueSpecification","valueRequired":true,"valueName":"search_term_string"}}],"inLanguage":"es"},{"@type":"Organization","@id":"https:\/\/evantour.com.co\/#organization","name":"Evan Tour","alternateName":"Evan Tour","url":"https:\/\/evantour.com.co\/","logo":{"@type":"ImageObject","inLanguage":"es","@id":"https:\/\/evantour.com.co\/#\/schema\/logo\/image\/","url":"https:\/\/evantour.com.co\/wp-content\/uploads\/2023\/08\/EVAN-TOUR-Logo-Original-5000x5000-1.png","contentUrl":"https:\/\/evantour.com.co\/wp-content\/uploads\/2023\/08\/EVAN-TOUR-Logo-Original-5000x5000-1.png","width":5000,"height":5000,"caption":"Evan Tour"},"image":{"@id":"https:\/\/evantour.com.co\/#\/schema\/logo\/image\/"},"sameAs":["https:\/\/www.facebook.com\/evantoursas","https:\/\/x.com\/evantoursas","https:\/\/www.instagram.com\/evan.tour\/"]}]}},"_hostinger_reach_plugin_has_subscription_block":false,"_hostinger_reach_plugin_is_elementor":false,"_links":{"self":[{"href":"https:\/\/evantour.com.co\/index.php\/wp-json\/wp\/v2\/pages\/826","targetHints":{"allow":["GET"]}}],"collection":[{"href":"https:\/\/evantour.com.co\/index.php\/wp-json\/wp\/v2\/pages"}],"about":[{"href":"https:\/\/evantour.com.co\/index.php\/wp-json\/wp\/v2\/types\/page"}],"author":[{"embeddable":true,"href":"https:\/\/evantour.com.co\/index.php\/wp-json\/wp\/v2\/users\/1"}],"replies":[{"embeddable":true,"href":"https:\/\/evantour.com.co\/index.php\/wp-json\/wp\/v2\/comments?post=826"}],"version-history":[{"count":2,"href":"https:\/\/evantour.com.co\/index.php\/wp-json\/wp\/v2\/pages\/826\/revisions"}],"predecessor-version":[{"id":829,"href":"https:\/\/evantour.com.co\/index.php\/wp-json\/wp\/v2\/pages\/826\/revisions\/829"}],"wp:attachment":[{"href":"https:\/\/evantour.com.co\/index.php\/wp-json\/wp\/v2\/media?parent=826"}],"curies":[{"name":"wp","href":"https:\/\/api.w.org\/{rel}","templated":true}]}}